{"id":88,"date":"2024-02-05T11:07:50","date_gmt":"2024-02-05T11:07:50","guid":{"rendered":"https:\/\/summermusicacademy.ch\/?page_id=88"},"modified":"2026-03-12T18:51:09","modified_gmt":"2026-03-12T18:51:09","slug":"foerderung","status":"publish","type":"page","link":"https:\/\/summermusicacademy.ch\/en\/foerderung\/","title":{"rendered":"Sponsors"},"content":{"rendered":"\t\t<div data-elementor-type=\"wp-page\" data-elementor-id=\"88\" class=\"elementor elementor-88\" data-elementor-post-type=\"page\">\n\t\t\t\t<div class=\"elementor-element elementor-element-1e94070 e-flex e-con-boxed e-con e-parent\" data-id=\"1e94070\" data-element_type=\"container\" data-e-type=\"container\" data-settings=\"{&quot;background_background&quot;:&quot;classic&quot;}\">\n\t\t\t\t\t<div class=\"e-con-inner\">\n\t\t\t\t<div class=\"elementor-element elementor-element-5298a7f elementor-widget elementor-widget-text-editor\" data-id=\"5298a7f\" data-element_type=\"widget\" data-e-type=\"widget\" data-widget_type=\"text-editor.default\">\n\t\t\t\t<div class=\"elementor-widget-container\">\n\t\t\t\t\t\t\t\t\tWir bedanken uns herzlich bei unseren Unterst\u00fctzern f\u00fcr die F\u00f6rderung der Swiss Summer Music Academy Bern \/ Muri\t\t\t\t\t\t\t\t<\/div>\n\t\t\t\t<\/div>\n\t\t\t\t<div class=\"elementor-element elementor-element-f84c22e gallery-spacing-custom elementor-widget elementor-widget-image-gallery\" data-id=\"f84c22e\" data-element_type=\"widget\" data-e-type=\"widget\" data-widget_type=\"image-gallery.default\">\n\t\t\t\t<div class=\"elementor-widget-container\">\n\t\t\t\t\t\t\t<div class=\"elementor-image-gallery\">\n\t\t\t<div id='gallery-1' class='gallery galleryid-88 gallery-columns-3 gallery-size-full'><figure class='gallery-item'>\n\t\t\t<div class='gallery-icon landscape'>\n\t\t\t\t<a data-elementor-open-lightbox=\"yes\" data-elementor-lightbox-slideshow=\"f84c22e\" data-e-action-hash=\"#elementor-action%3Aaction%3Dlightbox%26settings%3DeyJpZCI6MzQzNCwidXJsIjoiaHR0cHM6XC9cL3N1bW1lcm11c2ljYWNhZGVteS5jaFwvd3AtY29udGVudFwvdXBsb2Fkc1wvMjAyNlwvMDNcL2xvZ28tYmFydGtvd2lhay5qcGciLCJzbGlkZXNob3ciOiJmODRjMjJlIn0%3D\" href='https:\/\/summermusicacademy.ch\/logo-bartkowiak\/'><img fetchpriority=\"high\" width=\"1260\" height=\"299\" src=\"https:\/\/summermusicacademy.ch\/wp-content\/uploads\/2026\/03\/logo-bartkowiak.jpg\" class=\"attachment-full size-full\" alt=\"\" decoding=\"async\" srcset=\"https:\/\/summermusicacademy.ch\/wp-content\/uploads\/2026\/03\/logo-bartkowiak.jpg 1260w, https:\/\/summermusicacademy.ch\/wp-content\/uploads\/2026\/03\/logo-bartkowiak-300x71.jpg 300w, https:\/\/summermusicacademy.ch\/wp-content\/uploads\/2026\/03\/logo-bartkowiak-1024x243.jpg 1024w, https:\/\/summermusicacademy.ch\/wp-content\/uploads\/2026\/03\/logo-bartkowiak-768x182.jpg 768w, https:\/\/summermusicacademy.ch\/wp-content\/uploads\/2026\/03\/logo-bartkowiak-18x4.jpg 18w\" sizes=\"(max-width: 1260px) 100vw, 1260px\" \/><\/a>\n\t\t\t<\/div><\/figure><figure class='gallery-item'>\n\t\t\t<div class='gallery-icon landscape'>\n\t\t\t\t<a data-elementor-open-lightbox=\"yes\" data-elementor-lightbox-slideshow=\"f84c22e\" data-e-action-hash=\"#elementor-action%3Aaction%3Dlightbox%26settings%3DeyJpZCI6MzQzNiwidXJsIjoiaHR0cHM6XC9cL3N1bW1lcm11c2ljYWNhZGVteS5jaFwvd3AtY29udGVudFwvdXBsb2Fkc1wvMjAyNlwvMDNcL0xvZ29fR2VtZWluZGVfTXVyaS5wbmciLCJzbGlkZXNob3ciOiJmODRjMjJlIn0%3D\" href='https:\/\/summermusicacademy.ch\/logo_gemeinde_muri\/'><img width=\"528\" height=\"140\" src=\"https:\/\/summermusicacademy.ch\/wp-content\/uploads\/2026\/03\/Logo_Gemeinde_Muri.png\" class=\"attachment-full size-full\" alt=\"\" decoding=\"async\" srcset=\"https:\/\/summermusicacademy.ch\/wp-content\/uploads\/2026\/03\/Logo_Gemeinde_Muri.png 528w, https:\/\/summermusicacademy.ch\/wp-content\/uploads\/2026\/03\/Logo_Gemeinde_Muri-300x80.png 300w, https:\/\/summermusicacademy.ch\/wp-content\/uploads\/2026\/03\/Logo_Gemeinde_Muri-18x5.png 18w\" sizes=\"(max-width: 528px) 100vw, 528px\" \/><\/a>\n\t\t\t<\/div><\/figure><figure class='gallery-item'>\n\t\t\t<div class='gallery-icon landscape'>\n\t\t\t\t<a data-elementor-open-lightbox=\"yes\" data-elementor-lightbox-slideshow=\"f84c22e\" data-e-action-hash=\"#elementor-action%3Aaction%3Dlightbox%26settings%3DeyJpZCI6MzQ0MSwidXJsIjoiaHR0cHM6XC9cL3N1bW1lcm11c2ljYWNhZGVteS5jaFwvd3AtY29udGVudFwvdXBsb2Fkc1wvMjAyNlwvMDNcL0xvZ29fR1ZCX0t1bHR1cnN0aWZ0dW5nX2hvY2hfcmdiX3Bvcy5wbmciLCJzbGlkZXNob3ciOiJmODRjMjJlIn0%3D\" href='https:\/\/summermusicacademy.ch\/logo_gvb_kulturstiftung_hoch_rgb_pos-2\/'><img width=\"417\" height=\"164\" src=\"https:\/\/summermusicacademy.ch\/wp-content\/uploads\/2026\/03\/Logo_GVB_Kulturstiftung_hoch_rgb_pos.png\" class=\"attachment-full size-full\" alt=\"\" decoding=\"async\" srcset=\"https:\/\/summermusicacademy.ch\/wp-content\/uploads\/2026\/03\/Logo_GVB_Kulturstiftung_hoch_rgb_pos.png 417w, https:\/\/summermusicacademy.ch\/wp-content\/uploads\/2026\/03\/Logo_GVB_Kulturstiftung_hoch_rgb_pos-300x118.png 300w, https:\/\/summermusicacademy.ch\/wp-content\/uploads\/2026\/03\/Logo_GVB_Kulturstiftung_hoch_rgb_pos-18x7.png 18w\" sizes=\"(max-width: 417px) 100vw, 417px\" \/><\/a>\n\t\t\t<\/div><\/figure>\n\t\t<\/div>\n\t\t<\/div>\n\t\t\t\t\t\t<\/div>\n\t\t\t\t<\/div>\n\t\t\t\t<div class=\"elementor-element elementor-element-79289ee e-n-tabs-none elementor-hidden-desktop elementor-hidden-laptop elementor-hidden-tablet elementor-hidden-mobile elementor-widget elementor-widget-n-tabs\" data-id=\"79289ee\" data-element_type=\"widget\" data-e-type=\"widget\" data-settings=\"{&quot;tabs_justify_horizontal&quot;:&quot;start&quot;,&quot;horizontal_scroll&quot;:&quot;disable&quot;}\" data-widget_type=\"nested-tabs.default\">\n\t\t\t\t<div class=\"elementor-widget-container\">\n\t\t\t\t\t\t\t<div class=\"e-n-tabs\" data-widget-number=\"127044078\" aria-label=\"Registerkarten. \u00d6ffnen Sie Elemente mit [Enter] oder [Leertaste], schlie\u00dfen Sie sie mit [Esc] und navigieren Sie mit den Pfeiltasten.\">\n\t\t\t<div class=\"e-n-tabs-heading\" role=\"tablist\">\n\t\t\t\t\t<button id=\"e-n-tab-title-1270440781\" data-tab-title-id=\"e-n-tab-title-1270440781\" class=\"e-n-tab-title\" aria-selected=\"true\" data-tab-index=\"1\" role=\"tab\" tabindex=\"0\" aria-controls=\"e-n-tab-content-1270440781\" style=\"--n-tabs-title-order: 1;\">\n\t\t\t\t\t\t<span class=\"e-n-tab-title-text\">\n\t\t\t\tF\u00f6rdernde\t\t\t<\/span>\n\t\t<\/button>\n\t\t\t\t<button id=\"e-n-tab-title-1270440782\" data-tab-title-id=\"e-n-tab-title-1270440782\" class=\"e-n-tab-title\" aria-selected=\"false\" data-tab-index=\"2\" role=\"tab\" tabindex=\"-1\" aria-controls=\"e-n-tab-content-1270440782\" style=\"--n-tabs-title-order: 2;\">\n\t\t\t\t\t\t<span class=\"e-n-tab-title-text\">\n\t\t\t\tG\u00f6nner:innen\t\t\t<\/span>\n\t\t<\/button>\n\t\t\t\t\t<\/div>\n\t\t\t<div class=\"e-n-tabs-content\">\n\t\t\t\t<div id=\"e-n-tab-content-1270440781\" role=\"tabpanel\" aria-labelledby=\"e-n-tab-title-1270440781\" data-tab-index=\"1\" style=\"--n-tabs-title-order: 1;\" class=\"e-active elementor-element elementor-element-8c3a4c5 e-con-full e-flex e-con e-child\" data-id=\"8c3a4c5\" data-element_type=\"container\" data-e-type=\"container\">\n\t\t\t\t<div class=\"elementor-element elementor-element-2381989 elementor-widget elementor-widget-gallery\" data-id=\"2381989\" data-element_type=\"widget\" data-e-type=\"widget\" data-settings=\"{&quot;columns&quot;:3,&quot;columns_mobile&quot;:2,&quot;gap&quot;:{&quot;unit&quot;:&quot;px&quot;,&quot;size&quot;:72,&quot;sizes&quot;:[]},&quot;gap_laptop&quot;:{&quot;unit&quot;:&quot;px&quot;,&quot;size&quot;:25,&quot;sizes&quot;:[]},&quot;lazyload&quot;:&quot;yes&quot;,&quot;gallery_layout&quot;:&quot;grid&quot;,&quot;columns_tablet&quot;:2,&quot;gap_tablet&quot;:{&quot;unit&quot;:&quot;px&quot;,&quot;size&quot;:10,&quot;sizes&quot;:[]},&quot;gap_mobile&quot;:{&quot;unit&quot;:&quot;px&quot;,&quot;size&quot;:10,&quot;sizes&quot;:[]},&quot;aspect_ratio&quot;:&quot;3:2&quot;,&quot;content_hover_animation&quot;:&quot;fade-in&quot;}\" data-widget_type=\"gallery.default\">\n\t\t\t\t<div class=\"elementor-widget-container\">\n\t\t\t\t\t\t\t<div class=\"elementor-gallery__container\">\n\t\t\t\t\t\t\t<div class=\"e-gallery-item elementor-gallery-item elementor-animated-content\">\n\t\t\t\t\t<div class=\"e-gallery-image elementor-gallery-item__image\" data-thumbnail=\"https:\/\/summermusicacademy.ch\/wp-content\/uploads\/2024\/06\/Sponsoren_logos_SMA-03.png\" data-width=\"473\" data-height=\"473\" aria-label=\"\" role=\"img\" ><\/div>\n\t\t\t\t\t\t\t\t\t\t\t\t\t\t<\/div>\n\t\t\t\t\t\t\t<div class=\"e-gallery-item elementor-gallery-item elementor-animated-content\">\n\t\t\t\t\t<div class=\"e-gallery-image elementor-gallery-item__image\" data-thumbnail=\"https:\/\/summermusicacademy.ch\/wp-content\/uploads\/2024\/06\/Sponsoren_logos_SMA-06.png\" data-width=\"473\" data-height=\"473\" aria-label=\"\" role=\"img\" ><\/div>\n\t\t\t\t\t\t\t\t\t\t\t\t\t\t<\/div>\n\t\t\t\t\t\t\t<div class=\"e-gallery-item elementor-gallery-item elementor-animated-content\">\n\t\t\t\t\t<div class=\"e-gallery-image elementor-gallery-item__image\" data-thumbnail=\"https:\/\/summermusicacademy.ch\/wp-content\/uploads\/2024\/06\/Sponsoren_logos_SMA-04.png\" data-width=\"473\" data-height=\"473\" aria-label=\"\" role=\"img\" ><\/div>\n\t\t\t\t\t\t\t\t\t\t\t\t\t\t<\/div>\n\t\t\t\t\t\t\t<div class=\"e-gallery-item elementor-gallery-item elementor-animated-content\">\n\t\t\t\t\t<div class=\"e-gallery-image elementor-gallery-item__image\" data-thumbnail=\"https:\/\/summermusicacademy.ch\/wp-content\/uploads\/2024\/07\/Burgergemeinde_Sponsoren_logos_SMA-08.png\" data-width=\"474\" data-height=\"473\" aria-label=\"\" role=\"img\" ><\/div>\n\t\t\t\t\t\t\t\t\t\t\t\t\t\t<\/div>\n\t\t\t\t\t\t\t<div class=\"e-gallery-item elementor-gallery-item elementor-animated-content\">\n\t\t\t\t\t<div class=\"e-gallery-image elementor-gallery-item__image\" data-thumbnail=\"https:\/\/summermusicacademy.ch\/wp-content\/uploads\/2024\/07\/ERNST-GOeHNER-STIFTUNG_Sponsoren_logos_SMA-09.png\" data-width=\"237\" data-height=\"237\" aria-label=\"\" role=\"img\" ><\/div>\n\t\t\t\t\t\t\t\t\t\t\t\t\t\t<\/div>\n\t\t\t\t\t\t\t<div class=\"e-gallery-item elementor-gallery-item elementor-animated-content\">\n\t\t\t\t\t<div class=\"e-gallery-image elementor-gallery-item__image\" data-thumbnail=\"https:\/\/summermusicacademy.ch\/wp-content\/uploads\/2024\/06\/Sponsoren_logos_SMA_01.png\" data-width=\"473\" data-height=\"473\" aria-label=\"\" role=\"img\" ><\/div>\n\t\t\t\t\t\t\t\t\t\t\t\t\t\t<\/div>\n\t\t\t\t\t\t\t<div class=\"e-gallery-item elementor-gallery-item elementor-animated-content\">\n\t\t\t\t\t<div class=\"e-gallery-image elementor-gallery-item__image\" data-thumbnail=\"https:\/\/summermusicacademy.ch\/wp-content\/uploads\/2024\/07\/RHL-Logo_Sponsoren_logos_SMA-071.png\" data-width=\"474\" data-height=\"473\" aria-label=\"\" role=\"img\" ><\/div>\n\t\t\t\t\t\t\t\t\t\t\t\t\t\t<\/div>\n\t\t\t\t\t\t\t<div class=\"e-gallery-item elementor-gallery-item elementor-animated-content\">\n\t\t\t\t\t<div class=\"e-gallery-image elementor-gallery-item__image\" data-thumbnail=\"https:\/\/summermusicacademy.ch\/wp-content\/uploads\/2024\/06\/Sponsoren_logos_SMA-02.png\" data-width=\"473\" data-height=\"473\" aria-label=\"\" role=\"img\" ><\/div>\n\t\t\t\t\t\t\t\t\t\t\t\t\t\t<\/div>\n\t\t\t\t\t\t\t<div class=\"e-gallery-item elementor-gallery-item elementor-animated-content\">\n\t\t\t\t\t<div class=\"e-gallery-image elementor-gallery-item__image\" data-thumbnail=\"https:\/\/summermusicacademy.ch\/wp-content\/uploads\/2024\/06\/Sponsoren_logos_SMA-05.png\" data-width=\"473\" data-height=\"473\" aria-label=\"\" role=\"img\" ><\/div>\n\t\t\t\t\t\t\t\t\t\t\t\t\t\t<\/div>\n\t\t\t\t\t<\/div>\n\t\t\t\t\t<\/div>\n\t\t\t\t<\/div>\n\t\t\t\t<div class=\"elementor-element elementor-element-302a306 elementor-hidden-desktop elementor-hidden-laptop elementor-hidden-tablet elementor-widget elementor-widget-text-editor\" data-id=\"302a306\" data-element_type=\"widget\" data-e-type=\"widget\" data-widget_type=\"text-editor.default\">\n\t\t\t\t<div class=\"elementor-widget-container\">\n\t\t\t\t\t\t\t\t\t<p><span style=\"color: #ffffff;\">.<\/span><\/p>\t\t\t\t\t\t\t\t<\/div>\n\t\t\t\t<\/div>\n\t\t\t\t<\/div>\n\t\t<div id=\"e-n-tab-content-1270440782\" role=\"tabpanel\" aria-labelledby=\"e-n-tab-title-1270440782\" data-tab-index=\"2\" style=\"--n-tabs-title-order: 2;\" class=\" elementor-element elementor-element-eeaa54e e-con-full e-flex e-con e-child\" data-id=\"eeaa54e\" data-element_type=\"container\" data-e-type=\"container\">\n\t\t\t\t<div class=\"elementor-element elementor-element-d8972e2 elementor-widget elementor-widget-text-editor\" data-id=\"d8972e2\" data-element_type=\"widget\" data-e-type=\"widget\" data-widget_type=\"text-editor.default\">\n\t\t\t\t<div class=\"elementor-widget-container\">\n\t\t\t\t\t\t\t\t\t<p><strong>Werden Sie G\u00f6nner:in<\/strong><\/p><p>Als G\u00f6nner:in der Summer Music Academy Bern unterst\u00fctzen Sie die F\u00f6rderung von talentierten Musikerinnen und Musikern und erm\u00f6glichen es uns, hochwertige, \u00f6ffentliche Konzertreihen anzubieten.<\/p><p>Wenn Sie uns als G\u00f6nner:in unterst\u00fctzen m\u00f6chten, senden Sie bitte eine E-Mail mit Ihrem vollst\u00e4ndigen Namen, Ihrer Postadresse und mit Angabe des Betrags, den Sie spenden m\u00f6chten, an:<br \/><a href=\"mailto:office@summermusicacademybern.ch\">office@summermusicacademybern.ch<\/a>.<\/p><p>Bitte teilen Sie uns auch mit, ob Sie auf unserer Webseite als G\u00f6nner:in genannt werden und unseren Newsletter abonnieren m\u00f6chten. Gerne werden wir Ihnen einen Einzahlungsschein zukommen lassen oder Sie k\u00f6nnen auch eine direkte \u00dcberweisung auf unser Konto vornehmen.<\/p><p>Wir danken Ihnen herzlich f\u00fcr Ihre Unterst\u00fctzung und freuen uns, Sie zu einem G\u00f6nner:innen-Ap\u00e9ro einzuladen! (date tbc)<\/p><p><strong><br \/>G\u00d6NNER:INNEN-KATEGORIEN<\/strong><\/p><p>Einzelperson CHF 100.-<br \/>Paar CHF 150.-<\/p><p>Institutionen und Firmen-G\u00f6nner:innen: <br \/>CHF 500.- oder ein Beitrag in der H\u00f6he Ihrer Wahl.<\/p><p><strong><br \/>Konto:<br \/><\/strong><strong>CH20 0637 4730 0687 1368 7<br \/><\/strong>Verein Summer Music Academy Bern<br \/>3000 Bern<\/p>\t\t\t\t\t\t\t\t<\/div>\n\t\t\t\t<\/div>\n\t\t\t\t<div class=\"elementor-element elementor-element-5d98f93 elementor-hidden-desktop elementor-hidden-laptop elementor-hidden-tablet elementor-hidden-mobile elementor-widget elementor-widget-button\" data-id=\"5d98f93\" data-element_type=\"widget\" data-e-type=\"widget\" data-widget_type=\"button.default\">\n\t\t\t\t<div class=\"elementor-widget-container\">\n\t\t\t\t\t\t\t\t\t<div class=\"elementor-button-wrapper\">\n\t\t\t\t\t<a class=\"elementor-button elementor-button-link elementor-size-sm\" href=\"https:\/\/summermusicacademy.ch\/goennerinnen\/\">\n\t\t\t\t\t\t<span class=\"elementor-button-content-wrapper\">\n\t\t\t\t\t\t\t\t\t<span class=\"elementor-button-text\">Alle G\u00f6nner:innen<\/span>\n\t\t\t\t\t<\/span>\n\t\t\t\t\t<\/a>\n\t\t\t\t<\/div>\n\t\t\t\t\t\t\t\t<\/div>\n\t\t\t\t<\/div>\n\t\t\t\t<\/div>\n\t\t\t\t\t<\/div>\n\t\t<\/div>\n\t\t\t\t\t\t<\/div>\n\t\t\t\t<\/div>\n\t\t\t\t\t<\/div>\n\t\t\t\t<\/div>\n\t\t<div class=\"elementor-element elementor-element-9b4ea2b e-flex e-con-boxed e-con e-parent\" data-id=\"9b4ea2b\" data-element_type=\"container\" data-e-type=\"container\">\n\t\t\t\t\t<div class=\"e-con-inner\">\n\t\t\t\t\t<\/div>\n\t\t\t\t<\/div>\n\t\t\t\t<\/div>\n\t\t","protected":false},"excerpt":{"rendered":"<p>Wir bedanken uns herzlich bei unseren Unterst\u00fctzern f\u00fcr die F\u00f6rderung der Swiss Summer Music Academy Bern \/ Muri F\u00f6rdernde G\u00f6nner:innen . Werden Sie G\u00f6nner:in Als G\u00f6nner:in der Summer Music Academy Bern unterst\u00fctzen Sie die F\u00f6rderung von talentierten Musikerinnen und Musikern und erm\u00f6glichen es uns, hochwertige, \u00f6ffentliche Konzertreihen anzubieten. Wenn Sie uns als G\u00f6nner:in unterst\u00fctzen m\u00f6chten, [&hellip;]<\/p>\n","protected":false},"author":1,"featured_media":0,"parent":0,"menu_order":0,"comment_status":"closed","ping_status":"closed","template":"","meta":{"_acf_changed":false,"footnotes":""},"class_list":["post-88","page","type-page","status-publish","hentry"],"acf":[],"_links":{"self":[{"href":"https:\/\/summermusicacademy.ch\/en\/wp-json\/wp\/v2\/pages\/88","targetHints":{"allow":["GET"]}}],"collection":[{"href":"https:\/\/summermusicacademy.ch\/en\/wp-json\/wp\/v2\/pages"}],"about":[{"href":"https:\/\/summermusicacademy.ch\/en\/wp-json\/wp\/v2\/types\/page"}],"author":[{"embeddable":true,"href":"https:\/\/summermusicacademy.ch\/en\/wp-json\/wp\/v2\/users\/1"}],"replies":[{"embeddable":true,"href":"https:\/\/summermusicacademy.ch\/en\/wp-json\/wp\/v2\/comments?post=88"}],"version-history":[{"count":298,"href":"https:\/\/summermusicacademy.ch\/en\/wp-json\/wp\/v2\/pages\/88\/revisions"}],"predecessor-version":[{"id":3471,"href":"https:\/\/summermusicacademy.ch\/en\/wp-json\/wp\/v2\/pages\/88\/revisions\/3471"}],"wp:attachment":[{"href":"https:\/\/summermusicacademy.ch\/en\/wp-json\/wp\/v2\/media?parent=88"}],"curies":[{"name":"wp","href":"https:\/\/api.w.org\/{rel}","templated":true}]}}